{"id":8416,"date":"2024-02-06T08:36:17","date_gmt":"2024-02-06T08:36:17","guid":{"rendered":"https:\/\/www.trik.de\/?post_type=product&#038;p=8416"},"modified":"2024-05-07T10:11:08","modified_gmt":"2024-05-07T10:11:08","slug":"holzliegestuhl","status":"publish","type":"product","link":"https:\/\/www.trik.de\/en\/produkt\/holzliegestuhl\/","title":{"rendered":"Liegestuhl"},"content":{"rendered":"","protected":false},"excerpt":{"rendered":"<p>Liegest\u00fchle in verschiedenen Ausf\u00fchrungen. Die St\u00fchle lassen sich individuell gestalten und werbewirksam einsetzen. W\u00e4hlen Sie aus einer Palette an Standardstofffarben oder einem Allover-Druck, verschiedenen Holzlasuren oder Lackierungen und entscheiden Sie sich f\u00fcr zus\u00e4tzlichen Komfort durch Armlehnen oder ein ebenfalls veredelbares Kopfkissen.<\/p>\n<p>Mindestbestellmenge: 1 St\u00fcck<\/p>\n<p>&nbsp;<\/p>\n<p style=\"text-align: center;\">[button color=\"accent-color\" hover_text_color_override=\"#fff\" size=\"large\" url=\"\/newsletter-anfrage\/\" text=\"Produkt anfragen\" color_override=\"\"]<\/p>\n","protected":false},"featured_media":8417,"template":"","meta":[],"product_brand":[],"product_cat":[68],"product_tag":[],"class_list":{"0":"post-8416","1":"product","2":"type-product","3":"status-publish","4":"has-post-thumbnail","6":"product_cat-newsletter","8":"first","9":"instock","10":"shipping-taxable","11":"product-type-simple"},"_links":{"self":[{"href":"https:\/\/www.trik.de\/en\/wp-json\/wp\/v2\/product\/8416","targetHints":{"allow":["GET"]}}],"collection":[{"href":"https:\/\/www.trik.de\/en\/wp-json\/wp\/v2\/product"}],"about":[{"href":"https:\/\/www.trik.de\/en\/wp-json\/wp\/v2\/types\/product"}],"wp:featuredmedia":[{"embeddable":true,"href":"https:\/\/www.trik.de\/en\/wp-json\/wp\/v2\/media\/8417"}],"wp:attachment":[{"href":"https:\/\/www.trik.de\/en\/wp-json\/wp\/v2\/media?parent=8416"}],"wp:term":[{"taxonomy":"product_brand","embeddable":true,"href":"https:\/\/www.trik.de\/en\/wp-json\/wp\/v2\/product_brand?post=8416"},{"taxonomy":"product_cat","embeddable":true,"href":"https:\/\/www.trik.de\/en\/wp-json\/wp\/v2\/product_cat?post=8416"},{"taxonomy":"product_tag","embeddable":true,"href":"https:\/\/www.trik.de\/en\/wp-json\/wp\/v2\/product_tag?post=8416"}],"curies":[{"name":"wp","href":"https:\/\/api.w.org\/{rel}","templated":true}]}}