{"id":8330,"date":"2024-01-29T14:26:15","date_gmt":"2024-01-29T14:26:15","guid":{"rendered":"https:\/\/www.trik.de\/?post_type=product&#038;p=8330"},"modified":"2024-02-12T11:37:32","modified_gmt":"2024-02-12T11:37:32","slug":"notizbuch-aus-apfelpapier","status":"publish","type":"product","link":"https:\/\/www.trik.de\/en\/produkt\/notizbuch-aus-apfelpapier\/","title":{"rendered":"Notizbuch aus Apfelpapier"},"content":{"rendered":"","protected":false},"excerpt":{"rendered":"<p>Soft-Touch-Cover und Einband aus bis zu 40% biodynamischen Abf\u00e4llen der Apfelverarbeitung. Schale, Kerne und nicht verwendete Inhalte aus der Saftproduktion in der Fertigung neuer Rohmaterialien wie Papier- und Buchbez\u00fcge weiterverwendet. Im Papier der Innenseiten werden bis zu 15% der Zellulose von B\u00e4umen durch organische Abf\u00e4lle ersetzt.<\/p>\n<p>&nbsp;<\/p>\n[button color=\"accent-color\" hover_text_color_override=\"#fff\" size=\"large\" url=\"mailto:ahuelsmann@trik.de?subject=Newsletter-Anfrage%20Notizbuch%20Apfelpapier\" text=\"Produkt anfragen\" color_override=\"\"]\n<p>&nbsp;<\/p>\n","protected":false},"featured_media":8337,"template":"","meta":[],"product_brand":[],"product_cat":[69],"product_tag":[],"class_list":{"0":"post-8330","1":"product","2":"type-product","3":"status-publish","4":"has-post-thumbnail","6":"product_cat-69","8":"first","9":"instock","10":"shipping-taxable","11":"product-type-simple"},"_links":{"self":[{"href":"https:\/\/www.trik.de\/en\/wp-json\/wp\/v2\/product\/8330","targetHints":{"allow":["GET"]}}],"collection":[{"href":"https:\/\/www.trik.de\/en\/wp-json\/wp\/v2\/product"}],"about":[{"href":"https:\/\/www.trik.de\/en\/wp-json\/wp\/v2\/types\/product"}],"wp:featuredmedia":[{"embeddable":true,"href":"https:\/\/www.trik.de\/en\/wp-json\/wp\/v2\/media\/8337"}],"wp:attachment":[{"href":"https:\/\/www.trik.de\/en\/wp-json\/wp\/v2\/media?parent=8330"}],"wp:term":[{"taxonomy":"product_brand","embeddable":true,"href":"https:\/\/www.trik.de\/en\/wp-json\/wp\/v2\/product_brand?post=8330"},{"taxonomy":"product_cat","embeddable":true,"href":"https:\/\/www.trik.de\/en\/wp-json\/wp\/v2\/product_cat?post=8330"},{"taxonomy":"product_tag","embeddable":true,"href":"https:\/\/www.trik.de\/en\/wp-json\/wp\/v2\/product_tag?post=8330"}],"curies":[{"name":"wp","href":"https:\/\/api.w.org\/{rel}","templated":true}]}}