{"id":8310,"date":"2024-01-22T10:02:21","date_gmt":"2024-01-22T10:02:21","guid":{"rendered":"https:\/\/www.trik.de\/?post_type=product&#038;p=8310"},"modified":"2025-03-04T14:52:03","modified_gmt":"2025-03-04T14:52:03","slug":"eier-farbe","status":"publish","type":"product","link":"https:\/\/www.trik.de\/en\/produkt\/eier-farbe\/","title":{"rendered":"Eier-Farbe"},"content":{"rendered":"","protected":false},"excerpt":{"rendered":"<p>Was geh\u00f6rt zu Ostern, wie der Osterhase? Bunte Eier! Das Eierfarben-Set greift den farbenfrohen F\u00e4rbespa\u00df als Werbetr\u00e4ger auf. Die f\u00fcnf Farben sind durch die flache Form der perfekte Printmailer oder ein ideales Messe-Give-Away im Fr\u00fchling. Verpackt ist das Produkt in einem Pergaminbeutel der mit einem individuell gestaltetem Werbereiter verschlossen wird.<\/p>\n<p>Made in Germany<\/p>\n<p>Format: ca. 8,1 x 11,5 cm<\/p>\n<p><strong><br \/>\nMindestbestellmenge: 250 St\u00fcck<\/strong><\/p>\n[button color=\"accent-color\" hover_text_color_override=\"#fff\" size=\"large\" url=\"mailto:ahuelsmann@trik.de?subject=Newsletter-Anfrage%20Eier-Farbe\" text=\"Produkt anfragen\" color_override=\"\"]\n<p>&nbsp;<\/p>\n","protected":false},"featured_media":8311,"template":"","meta":[],"product_brand":[],"product_cat":[69],"product_tag":[],"class_list":{"0":"post-8310","1":"product","2":"type-product","3":"status-publish","4":"has-post-thumbnail","6":"product_cat-69","8":"first","9":"instock","10":"shipping-taxable","11":"product-type-simple"},"_links":{"self":[{"href":"https:\/\/www.trik.de\/en\/wp-json\/wp\/v2\/product\/8310","targetHints":{"allow":["GET"]}}],"collection":[{"href":"https:\/\/www.trik.de\/en\/wp-json\/wp\/v2\/product"}],"about":[{"href":"https:\/\/www.trik.de\/en\/wp-json\/wp\/v2\/types\/product"}],"wp:featuredmedia":[{"embeddable":true,"href":"https:\/\/www.trik.de\/en\/wp-json\/wp\/v2\/media\/8311"}],"wp:attachment":[{"href":"https:\/\/www.trik.de\/en\/wp-json\/wp\/v2\/media?parent=8310"}],"wp:term":[{"taxonomy":"product_brand","embeddable":true,"href":"https:\/\/www.trik.de\/en\/wp-json\/wp\/v2\/product_brand?post=8310"},{"taxonomy":"product_cat","embeddable":true,"href":"https:\/\/www.trik.de\/en\/wp-json\/wp\/v2\/product_cat?post=8310"},{"taxonomy":"product_tag","embeddable":true,"href":"https:\/\/www.trik.de\/en\/wp-json\/wp\/v2\/product_tag?post=8310"}],"curies":[{"name":"wp","href":"https:\/\/api.w.org\/{rel}","templated":true}]}}