{"id":8300,"date":"2024-01-22T09:51:17","date_gmt":"2024-01-22T09:51:17","guid":{"rendered":"https:\/\/www.trik.de\/?post_type=product&#038;p=8300"},"modified":"2024-01-29T14:45:34","modified_gmt":"2024-01-29T14:45:34","slug":"eierwaermer-aus-filz","status":"publish","type":"product","link":"https:\/\/www.trik.de\/en\/produkt\/eierwaermer-aus-filz\/","title":{"rendered":"Eierw\u00e4rmer-Set aus Filz"},"content":{"rendered":"","protected":false},"excerpt":{"rendered":"<p>Unsere individuell veredelbaren und auch komplett in Sonderform produzierbaren Eierw\u00e4rmer-Sets bringen Farbe auf den Ostertisch. Zum Beispiel auch als On-Pack auf beworbene Produkte platzierbar. Das 3 mm starke Filz l\u00e4sst sich bedrucken und gravieren oder per eingen\u00e4htem Weblabel branden. Set aus 4 Eierw\u00e4rmern.<\/p>\n<p><strong><br \/>\nMindestbestellmenge: 100 Sets<\/strong><\/p>\n[button color=\"accent-color\" hover_text_color_override=\"#fff\" size=\"large\" url=\"mailto:ahuelsmann@trik.de?subject=Newsletter-Anfrage%20Eierwaermer\" text=\"Produkt anfragen\" color_override=\"\"]\n<p>&nbsp;<\/p>\n","protected":false},"featured_media":8301,"template":"","meta":[],"product_brand":[],"product_cat":[69],"product_tag":[],"class_list":{"0":"post-8300","1":"product","2":"type-product","3":"status-publish","4":"has-post-thumbnail","6":"product_cat-69","8":"first","9":"instock","10":"shipping-taxable","11":"product-type-simple"},"_links":{"self":[{"href":"https:\/\/www.trik.de\/en\/wp-json\/wp\/v2\/product\/8300","targetHints":{"allow":["GET"]}}],"collection":[{"href":"https:\/\/www.trik.de\/en\/wp-json\/wp\/v2\/product"}],"about":[{"href":"https:\/\/www.trik.de\/en\/wp-json\/wp\/v2\/types\/product"}],"wp:featuredmedia":[{"embeddable":true,"href":"https:\/\/www.trik.de\/en\/wp-json\/wp\/v2\/media\/8301"}],"wp:attachment":[{"href":"https:\/\/www.trik.de\/en\/wp-json\/wp\/v2\/media?parent=8300"}],"wp:term":[{"taxonomy":"product_brand","embeddable":true,"href":"https:\/\/www.trik.de\/en\/wp-json\/wp\/v2\/product_brand?post=8300"},{"taxonomy":"product_cat","embeddable":true,"href":"https:\/\/www.trik.de\/en\/wp-json\/wp\/v2\/product_cat?post=8300"},{"taxonomy":"product_tag","embeddable":true,"href":"https:\/\/www.trik.de\/en\/wp-json\/wp\/v2\/product_tag?post=8300"}],"curies":[{"name":"wp","href":"https:\/\/api.w.org\/{rel}","templated":true}]}}