{"id":8297,"date":"2024-01-22T09:20:34","date_gmt":"2024-01-22T09:20:34","guid":{"rendered":"https:\/\/www.trik.de\/?post_type=product&#038;p=8297"},"modified":"2024-01-29T14:45:39","modified_gmt":"2024-01-29T14:45:39","slug":"fruehstuecks-set","status":"publish","type":"product","link":"https:\/\/www.trik.de\/en\/produkt\/fruehstuecks-set\/","title":{"rendered":"Fr\u00fchst\u00fccks-Set"},"content":{"rendered":"","protected":false},"excerpt":{"rendered":"<p>Eine besondere Oster-\u00dcberraschung: Oster-Fr\u00fchst\u00fcck in der Eierschachtel mit individuell gestaltbarer Banderole. Die 4er-Box enth\u00e4lt vier Schokoladeneier, gesunde Fr\u00fchst\u00fcckskresse zum Ans\u00e4en und ein gekochtes Ei mit Salz-Sachet und Salzstreuer.<\/p>\n<p>MHD f\u00fcr das Ei: ca. 4 Wochen nach Auslieferung<br \/>\nFormat: 110 x 110 x 80 mm<br \/>\nGewicht: ca. 125 g<br \/>\n330 x 60 mm eigene Gestaltung Banderole, inkl. Druck der Banderole 1-4\/0c Euroskala, gem\u00e4\u00df gelieferten Daten.<\/p>\n<p><strong><br \/>\nMindestbestellmenge: 250 St\u00fcck<\/strong><\/p>\n[button color=\"accent-color\" hover_text_color_override=\"#fff\" size=\"large\" url=\"mailto:ahuelsmann@trik.de?subject=Newsletter-Anfrage%20Fr\u00fchst\u00fccks-Set\" text=\"Produkt anfragen\" color_override=\"\"]\n<p>&nbsp;<\/p>\n","protected":false},"featured_media":8298,"template":"","meta":[],"product_brand":[],"product_cat":[69],"product_tag":[],"class_list":{"0":"post-8297","1":"product","2":"type-product","3":"status-publish","4":"has-post-thumbnail","6":"product_cat-69","8":"first","9":"instock","10":"shipping-taxable","11":"product-type-simple"},"_links":{"self":[{"href":"https:\/\/www.trik.de\/en\/wp-json\/wp\/v2\/product\/8297","targetHints":{"allow":["GET"]}}],"collection":[{"href":"https:\/\/www.trik.de\/en\/wp-json\/wp\/v2\/product"}],"about":[{"href":"https:\/\/www.trik.de\/en\/wp-json\/wp\/v2\/types\/product"}],"wp:featuredmedia":[{"embeddable":true,"href":"https:\/\/www.trik.de\/en\/wp-json\/wp\/v2\/media\/8298"}],"wp:attachment":[{"href":"https:\/\/www.trik.de\/en\/wp-json\/wp\/v2\/media?parent=8297"}],"wp:term":[{"taxonomy":"product_brand","embeddable":true,"href":"https:\/\/www.trik.de\/en\/wp-json\/wp\/v2\/product_brand?post=8297"},{"taxonomy":"product_cat","embeddable":true,"href":"https:\/\/www.trik.de\/en\/wp-json\/wp\/v2\/product_cat?post=8297"},{"taxonomy":"product_tag","embeddable":true,"href":"https:\/\/www.trik.de\/en\/wp-json\/wp\/v2\/product_tag?post=8297"}],"curies":[{"name":"wp","href":"https:\/\/api.w.org\/{rel}","templated":true}]}}