{"id":8236,"date":"2024-01-15T09:33:04","date_gmt":"2024-01-15T09:33:04","guid":{"rendered":"https:\/\/www.trik.de\/?post_type=product&#038;p=8236"},"modified":"2024-01-23T09:23:43","modified_gmt":"2024-01-23T09:23:43","slug":"fitnessband-set","status":"publish","type":"product","link":"https:\/\/www.trik.de\/en\/produkt\/fitnessband-set\/","title":{"rendered":"Fitnessband Set"},"content":{"rendered":"<a class=\"nectar-button n-sc-button large accent-color regular-button\"  href=\"mailto:ahuelsmann@trik.de?subject=Newsletter-Anfrage%20Fitnessbandset\" data-color-override=\"false\" data-hover-color-override=\"false\" data-hover-text-color-override=\"#fff\"><span>Produkt anfragen<\/span><\/a>\n","protected":false},"excerpt":{"rendered":"<p>3er-Set Gummib\u00e4nder aus widerstandsf\u00e4higem TPE-Material und 3 Widerstandsstufen: leicht, mittel und schwer. Format 30 x 5 cm. Pr\u00e4sentiert in einer Polyestertasche mit Kordelzugverschluss und Verstellzubeh\u00f6r.<\/p>\n<p>9 x 22 x 1 cm | 67 gr.<\/p>\n<p>&nbsp;<\/p>\n<p><strong>Mindestbestellmenge: 100 St\u00fcck<\/strong><\/p>\n<p>&nbsp;<\/p>\n[button color=\"accent-color\" hover_text_color_override=\"#fff\" size=\"large\" url=\"mailto:ahuelsmann@trik.de?subject=Newsletter-Anfrage%20Fitnessbandset\" text=\"Produkt anfragen\" color_override=\"\"]\n<p>&nbsp;<\/p>\n","protected":false},"featured_media":8237,"template":"","meta":[],"product_brand":[],"product_cat":[69],"product_tag":[],"class_list":{"0":"post-8236","1":"product","2":"type-product","3":"status-publish","4":"has-post-thumbnail","6":"product_cat-69","8":"first","9":"instock","10":"shipping-taxable","11":"product-type-simple"},"_links":{"self":[{"href":"https:\/\/www.trik.de\/en\/wp-json\/wp\/v2\/product\/8236","targetHints":{"allow":["GET"]}}],"collection":[{"href":"https:\/\/www.trik.de\/en\/wp-json\/wp\/v2\/product"}],"about":[{"href":"https:\/\/www.trik.de\/en\/wp-json\/wp\/v2\/types\/product"}],"wp:featuredmedia":[{"embeddable":true,"href":"https:\/\/www.trik.de\/en\/wp-json\/wp\/v2\/media\/8237"}],"wp:attachment":[{"href":"https:\/\/www.trik.de\/en\/wp-json\/wp\/v2\/media?parent=8236"}],"wp:term":[{"taxonomy":"product_brand","embeddable":true,"href":"https:\/\/www.trik.de\/en\/wp-json\/wp\/v2\/product_brand?post=8236"},{"taxonomy":"product_cat","embeddable":true,"href":"https:\/\/www.trik.de\/en\/wp-json\/wp\/v2\/product_cat?post=8236"},{"taxonomy":"product_tag","embeddable":true,"href":"https:\/\/www.trik.de\/en\/wp-json\/wp\/v2\/product_tag?post=8236"}],"curies":[{"name":"wp","href":"https:\/\/api.w.org\/{rel}","templated":true}]}}