{"id":8220,"date":"2024-01-15T08:59:02","date_gmt":"2024-01-15T08:59:02","guid":{"rendered":"https:\/\/www.trik.de\/?post_type=product&#038;p=8220"},"modified":"2024-01-23T09:22:21","modified_gmt":"2024-01-23T09:22:21","slug":"power-shots-60-ml","status":"publish","type":"product","link":"https:\/\/www.trik.de\/en\/produkt\/power-shots-60-ml\/","title":{"rendered":"Power Shots"},"content":{"rendered":"<p>Erh\u00e4ltlich in den Sorten Sorten:<\/p>\n<p><strong>Vitamin-Shot Orange<\/strong><\/p>\n<ul>\n<li>Verbesserte Rezeptur<\/li>\n<li>Mix aus 4 S\u00e4ften<\/li>\n<li>Deckt 200% des Tagesbedarfs an 7 Vitaminen<\/li>\n<\/ul>\n<p>Die fruchtige Mischung h\u00e4lt, was sie<br \/>\nverspricht: Ein Vitamin Shot liefert 200%<br \/>\ndes Tagesbedarfs an 7 Vitaminen. Der Mix<br \/>\naus Orange, Mango, Maracuja und<br \/>\nLimette ist frei von k\u00fcnstlichen Zus\u00e4tzen.<\/p>\n<p><strong>Vitamin-Shot Orange-Ingwer<\/strong><\/p>\n<ul>\n<li>Neue Rezeptur mit Orangensaft und Ingwer\u00f6l<\/li>\n<li>Deckt 200% des Tagesbedarfs an 7 Vitaminen<\/li>\n<\/ul>\n<p>Die fruchtig-scharfe Mischung aus<br \/>\nOrange und Ingwer h\u00e4lt, was sie<br \/>\nverspricht: Ein Vitamin Shot liefert 200%<br \/>\ndes Tagesbedarfs an 7 Vitaminen &#8211;<br \/>\nfrei von k\u00fcnstlichen Zus\u00e4tzen.<\/p>\n<p><strong>Energy-Shot Guarana<\/strong><\/p>\n<ul>\n<li>Hochkonzentrierte Energie<\/li>\n<li>Neuer vollmundiger Geschmack<\/li>\n<li>Mit Guarana und Taurin<\/li>\n<li>Mit nat\u00fcrlichem Koffein<\/li>\n<\/ul>\n<p>Ein kraftvoller Mix aus Dextrose,<br \/>\nGuarana, Taurin und Koffein!<br \/>\nDer Energy Shot stimuliert die Leistungsund Konzentrationsf\u00e4higkeit<br \/>\nund ist frei von k\u00fcnstlichen Zus\u00e4tzen.<\/p>\n<p>&nbsp;<\/p>\n<p style=\"text-align: center;\"><a class=\"nectar-button n-sc-button large accent-color regular-button\"  href=\"mailto:ahuelsmann@trik.de?subject=Newsletter-Anfrage%20Shots\" data-color-override=\"false\" data-hover-color-override=\"false\" data-hover-text-color-override=\"#fff\"><span>Produkt anfragen<\/span><\/a>\n","protected":false},"excerpt":{"rendered":"<p>Power Shots mit <strong>individuellem Etikett<\/strong>.<\/p>\n<p>Nat\u00fcrlich und nachhaltig!<\/p>\n<ul>\n<li>keine k\u00fcnstlichen Farbstoffe<\/li>\n<li>keine k\u00fcnstlichen Aromen<\/li>\n<li>keine k\u00fcnstlichen S\u00fc\u00dfungsmittel<\/li>\n<li>keine allergenen Zutaten<\/li>\n<li>frei von Konservierungsstoffen<\/li>\n<\/ul>\n<p>Inhalt: 60 ml<\/p>\n<p><strong>Mindestbestellmenge: 210 St\u00fcck<\/strong><\/p>\n<p>&nbsp;<\/p>\n[button color=\"accent-color\" hover_text_color_override=\"#fff\" size=\"large\" url=\"mailto:ahuelsmann@trik.de?subject=Newsletter-Anfrage%20Shots\" text=\"Produkt anfragen\" color_override=\"\"]\n<p>&nbsp;<\/p>\n","protected":false},"featured_media":8255,"template":"","meta":[],"product_brand":[],"product_cat":[69],"product_tag":[],"class_list":{"0":"post-8220","1":"product","2":"type-product","3":"status-publish","4":"has-post-thumbnail","6":"product_cat-69","8":"first","9":"instock","10":"shipping-taxable","11":"product-type-simple"},"_links":{"self":[{"href":"https:\/\/www.trik.de\/en\/wp-json\/wp\/v2\/product\/8220","targetHints":{"allow":["GET"]}}],"collection":[{"href":"https:\/\/www.trik.de\/en\/wp-json\/wp\/v2\/product"}],"about":[{"href":"https:\/\/www.trik.de\/en\/wp-json\/wp\/v2\/types\/product"}],"wp:featuredmedia":[{"embeddable":true,"href":"https:\/\/www.trik.de\/en\/wp-json\/wp\/v2\/media\/8255"}],"wp:attachment":[{"href":"https:\/\/www.trik.de\/en\/wp-json\/wp\/v2\/media?parent=8220"}],"wp:term":[{"taxonomy":"product_brand","embeddable":true,"href":"https:\/\/www.trik.de\/en\/wp-json\/wp\/v2\/product_brand?post=8220"},{"taxonomy":"product_cat","embeddable":true,"href":"https:\/\/www.trik.de\/en\/wp-json\/wp\/v2\/product_cat?post=8220"},{"taxonomy":"product_tag","embeddable":true,"href":"https:\/\/www.trik.de\/en\/wp-json\/wp\/v2\/product_tag?post=8220"}],"curies":[{"name":"wp","href":"https:\/\/api.w.org\/{rel}","templated":true}]}}